{"id":3961,"date":"2020-05-23T17:57:58","date_gmt":"2020-05-23T15:57:58","guid":{"rendered":"http:\/\/urbefoto.com\/?page_id=3961"},"modified":"2024-10-07T09:04:30","modified_gmt":"2024-10-07T07:04:30","slug":"campana-de-crowdfunding","status":"publish","type":"page","link":"https:\/\/urbefoto.com\/?page_id=3961","title":{"rendered":"Libro \u00abSingular\u00bb"},"content":{"rendered":"\n<p>Este libro es la culminaci\u00f3n de a\u00f1os de trabajo y de entrega incondicional a una pasi\u00f3n. Es la<strong>\u00a0fotograf\u00eda en su estado m\u00e1s puro<\/strong>, una selecci\u00f3n de instant\u00e1neas fieles a una realidad sincera y espont\u00e1nea. Es una ventana a la fauna urbana cotidiana que no necesita m\u00e1s encuadre que aquel que es capaz de encontrar la belleza en lo natural.<\/p>\n\n\n\n<div style=\"height:20px\" aria-hidden=\"true\" class=\"wp-block-spacer\"><\/div>\n\n\n\n<figure class=\"wp-block-gallery has-nested-images columns-1 wp-block-gallery-1 is-layout-flex wp-block-gallery-is-layout-flex\">\n<figure class=\"wp-block-image size-full\"><img loading=\"lazy\" decoding=\"async\" width=\"1200\" height=\"960\" data-id=\"4035\" src=\"https:\/\/urbefoto.com\/wp-content\/uploads\/2020\/10\/20201030_170119-01.jpg\" alt=\"\" class=\"wp-image-4035\" srcset=\"https:\/\/urbefoto.com\/wp-content\/uploads\/2020\/10\/20201030_170119-01.jpg 1200w, https:\/\/urbefoto.com\/wp-content\/uploads\/2020\/10\/20201030_170119-01-200x160.jpg 200w, https:\/\/urbefoto.com\/wp-content\/uploads\/2020\/10\/20201030_170119-01-500x400.jpg 500w, https:\/\/urbefoto.com\/wp-content\/uploads\/2020\/10\/20201030_170119-01-768x614.jpg 768w, https:\/\/urbefoto.com\/wp-content\/uploads\/2020\/10\/20201030_170119-01-1000x800.jpg 1000w, https:\/\/urbefoto.com\/wp-content\/uploads\/2020\/10\/20201030_170119-01-830x664.jpg 830w, https:\/\/urbefoto.com\/wp-content\/uploads\/2020\/10\/20201030_170119-01-600x480.jpg 600w, https:\/\/urbefoto.com\/wp-content\/uploads\/2020\/10\/20201030_170119-01-563x450.jpg 563w\" sizes=\"auto, (max-width: 1200px) 100vw, 1200px\" \/><\/figure>\n\n\n\n<figure class=\"wp-block-image size-full\"><img loading=\"lazy\" decoding=\"async\" width=\"1200\" height=\"960\" data-id=\"4034\" src=\"https:\/\/urbefoto.com\/wp-content\/uploads\/2020\/10\/20201030_170054-01.jpg\" alt=\"\" class=\"wp-image-4034\" srcset=\"https:\/\/urbefoto.com\/wp-content\/uploads\/2020\/10\/20201030_170054-01.jpg 1200w, https:\/\/urbefoto.com\/wp-content\/uploads\/2020\/10\/20201030_170054-01-200x160.jpg 200w, https:\/\/urbefoto.com\/wp-content\/uploads\/2020\/10\/20201030_170054-01-500x400.jpg 500w, https:\/\/urbefoto.com\/wp-content\/uploads\/2020\/10\/20201030_170054-01-768x614.jpg 768w, https:\/\/urbefoto.com\/wp-content\/uploads\/2020\/10\/20201030_170054-01-1000x800.jpg 1000w, https:\/\/urbefoto.com\/wp-content\/uploads\/2020\/10\/20201030_170054-01-830x664.jpg 830w, https:\/\/urbefoto.com\/wp-content\/uploads\/2020\/10\/20201030_170054-01-600x480.jpg 600w, https:\/\/urbefoto.com\/wp-content\/uploads\/2020\/10\/20201030_170054-01-563x450.jpg 563w\" sizes=\"auto, (max-width: 1200px) 100vw, 1200px\" \/><\/figure>\n\n\n\n<figure class=\"wp-block-image size-full\"><img loading=\"lazy\" decoding=\"async\" width=\"1200\" height=\"960\" data-id=\"4036\" src=\"https:\/\/urbefoto.com\/wp-content\/uploads\/2020\/10\/20201031_082548-01.jpg\" alt=\"\" class=\"wp-image-4036\" srcset=\"https:\/\/urbefoto.com\/wp-content\/uploads\/2020\/10\/20201031_082548-01.jpg 1200w, https:\/\/urbefoto.com\/wp-content\/uploads\/2020\/10\/20201031_082548-01-200x160.jpg 200w, https:\/\/urbefoto.com\/wp-content\/uploads\/2020\/10\/20201031_082548-01-500x400.jpg 500w, https:\/\/urbefoto.com\/wp-content\/uploads\/2020\/10\/20201031_082548-01-768x614.jpg 768w, https:\/\/urbefoto.com\/wp-content\/uploads\/2020\/10\/20201031_082548-01-1000x800.jpg 1000w, https:\/\/urbefoto.com\/wp-content\/uploads\/2020\/10\/20201031_082548-01-830x664.jpg 830w, https:\/\/urbefoto.com\/wp-content\/uploads\/2020\/10\/20201031_082548-01-600x480.jpg 600w, https:\/\/urbefoto.com\/wp-content\/uploads\/2020\/10\/20201031_082548-01-563x450.jpg 563w\" sizes=\"auto, (max-width: 1200px) 100vw, 1200px\" \/><\/figure>\n\n\n\n<figure class=\"wp-block-image size-full\"><img loading=\"lazy\" decoding=\"async\" width=\"1200\" height=\"959\" data-id=\"4037\" src=\"https:\/\/urbefoto.com\/wp-content\/uploads\/2020\/10\/20201031_082712-01.jpg\" alt=\"\" class=\"wp-image-4037\" srcset=\"https:\/\/urbefoto.com\/wp-content\/uploads\/2020\/10\/20201031_082712-01.jpg 1200w, https:\/\/urbefoto.com\/wp-content\/uploads\/2020\/10\/20201031_082712-01-200x160.jpg 200w, https:\/\/urbefoto.com\/wp-content\/uploads\/2020\/10\/20201031_082712-01-501x400.jpg 501w, https:\/\/urbefoto.com\/wp-content\/uploads\/2020\/10\/20201031_082712-01-768x614.jpg 768w, https:\/\/urbefoto.com\/wp-content\/uploads\/2020\/10\/20201031_082712-01-1001x800.jpg 1001w, https:\/\/urbefoto.com\/wp-content\/uploads\/2020\/10\/20201031_082712-01-830x663.jpg 830w, https:\/\/urbefoto.com\/wp-content\/uploads\/2020\/10\/20201031_082712-01-600x480.jpg 600w, https:\/\/urbefoto.com\/wp-content\/uploads\/2020\/10\/20201031_082712-01-563x450.jpg 563w\" sizes=\"auto, (max-width: 1200px) 100vw, 1200px\" \/><\/figure>\n<\/figure>\n\n\n\n<div style=\"height:20px\" aria-hidden=\"true\" class=\"wp-block-spacer\"><\/div>\n\n\n\n<p>Con esta obra Marcos Rodr\u00edguez cumple su deseo para que, de alguna forma, sus\u00a0<em>Retratos urbanos<\/em> puedan trascender y descansar en un soporte f\u00edsico y tangible y conseguir de este modo que perdure no solo el resultado de un intenso trabajo creativo, sino la expresi\u00f3n m\u00e1s di\u00e1fana de los rostros que un d\u00eda pudo inmortalizar con su c\u00e1mara.<\/p>\n\n\n\n<div style=\"height:20px\" aria-hidden=\"true\" class=\"wp-block-spacer\"><\/div>\n\n\n\n<figure class=\"wp-block-video aligncenter\"><video height=\"360\" style=\"aspect-ratio: 640 \/ 360;\" width=\"640\" controls src=\"https:\/\/urbefoto.com\/wp-content\/uploads\/2020\/12\/120410815_729887347653310_4493595950856839955_n.mp4\"><\/video><\/figure>\n\n\n\n<div style=\"height:10px\" aria-hidden=\"true\" class=\"wp-block-spacer\"><\/div>\n\n\n\n<p class=\"has-text-align-center\">Canci\u00f3n Rompehielos de \u00ab<a href=\"https:\/\/open.spotify.com\/artist\/2vKfxhpvfqEdi37QJDmjjt?si=GXl2sP-GSY6VYcNo0bPy2Q\" target=\"_blank\" rel=\"noopener\" title=\"\">Los Eterno<\/a>\u00ab<\/p>\n\n\n\n<div style=\"height:20px\" aria-hidden=\"true\" class=\"wp-block-spacer\"><\/div>\n\n\n\n<ul class=\"wp-block-list\">\n<li><strong>Formato:\u00a0<\/strong>17x24cm, con solapas<\/li>\n\n\n\n<li><strong>Encuadernaci\u00f3n:\u00a0<\/strong>Tapa blanda<\/li>\n\n\n\n<li><strong>P\u00e1ginas:\u00a0<\/strong>114<\/li>\n\n\n\n<li><strong>ISBN:\u00a0<\/strong>9788418261985 \u00a0\u00a0\u00a0\u00a0<strong>ISBN digital:\u00a0<\/strong>9788418261992<\/li>\n<\/ul>\n\n\n\n<div style=\"height:11px\" aria-hidden=\"true\" class=\"wp-block-spacer\"><\/div>\n\n\n\n<div style=\"height:20px\" aria-hidden=\"true\" class=\"wp-block-spacer\"><\/div>\n\n\n\n<p class=\"has-text-color has-background\" style=\"color:#777777;background-color:#ededed\"><strong>*<\/strong>Si te interesa el libro m\u00e1ndame un mail desde la secci\u00f3n de<strong> <\/strong><a href=\"https:\/\/urbefoto.com\/?page_id=3196\"><strong>contacto<\/strong><\/a> o bien a <strong>marcos@urbefoto.com<\/strong> y te explico con detalle como podemos hacerlo. <\/p>\n\n\n\n<p class=\"has-text-color has-background\" style=\"color:#777777;background-color:#ededed\">Tambi\u00e9n pod\u00e9is entrar en este link:  <em><strong><a href=\"https:\/\/libros.com\/comprar\/retratos-urbanos\/\">Libros.com<\/a><\/strong><\/em> y comprarlo directamente desde su <strong><em><a href=\"https:\/\/libros.com\/comprar\/retratos-urbanos\/\">web<\/a><\/em><\/strong>.<\/p>\n","protected":false},"excerpt":{"rendered":"<p>Este libro es la culminaci\u00f3n de a\u00f1os de trabajo y de entrega incondicional a una pasi\u00f3n. Es la\u00a0fotograf\u00eda en su estado m\u00e1s puro, una selecci\u00f3n de instant\u00e1neas fieles a una realidad sincera y espont\u00e1nea. Es una ventana a la fauna urbana cotidiana que no necesita m\u00e1s encuadre que aquel que es capaz de encontrar la belleza en lo natural. Con esta obra Marcos Rodr\u00edguez cumple su deseo para que, de alguna forma, sus\u00a0Retratos urbanos puedan trascender y descansar en un soporte f\u00edsico y tangible y conseguir de este modo que perdure no solo el resultado de un intenso trabajo creativo, sino la expresi\u00f3n m\u00e1s di\u00e1fana de los rostros que un d\u00eda pudo inmortalizar con su c\u00e1mara. Canci\u00f3n Rompehielos de \u00abLos Eterno\u00ab *Si te interesa el libro m\u00e1ndame un mail desde la secci\u00f3n de contacto o bien a marcos@urbefoto.com y te explico con detalle como podemos hacerlo. Tambi\u00e9n pod\u00e9is entrar en este link: Libros.com y comprarlo directamente desde su web.<\/p>\n","protected":false},"author":2,"featured_media":0,"parent":0,"menu_order":0,"comment_status":"closed","ping_status":"closed","template":"","meta":{"footnotes":""},"class_list":["post-3961","page","type-page","status-publish","hentry"],"_links":{"self":[{"href":"https:\/\/urbefoto.com\/index.php?rest_route=\/wp\/v2\/pages\/3961","targetHints":{"allow":["GET"]}}],"collection":[{"href":"https:\/\/urbefoto.com\/index.php?rest_route=\/wp\/v2\/pages"}],"about":[{"href":"https:\/\/urbefoto.com\/index.php?rest_route=\/wp\/v2\/types\/page"}],"author":[{"embeddable":true,"href":"https:\/\/urbefoto.com\/index.php?rest_route=\/wp\/v2\/users\/2"}],"replies":[{"embeddable":true,"href":"https:\/\/urbefoto.com\/index.php?rest_route=%2Fwp%2Fv2%2Fcomments&post=3961"}],"version-history":[{"count":66,"href":"https:\/\/urbefoto.com\/index.php?rest_route=\/wp\/v2\/pages\/3961\/revisions"}],"predecessor-version":[{"id":25421,"href":"https:\/\/urbefoto.com\/index.php?rest_route=\/wp\/v2\/pages\/3961\/revisions\/25421"}],"wp:attachment":[{"href":"https:\/\/urbefoto.com\/index.php?rest_route=%2Fwp%2Fv2%2Fmedia&parent=3961"}],"curies":[{"name":"wp","href":"https:\/\/api.w.org\/{rel}","templated":true}]}}