{"id":3867,"date":"2019-12-23T17:50:46","date_gmt":"2019-12-23T16:50:46","guid":{"rendered":"http:\/\/urbefoto.com\/?page_id=3867"},"modified":"2024-10-07T08:42:21","modified_gmt":"2024-10-07T06:42:21","slug":"muros-de-maleza","status":"publish","type":"page","link":"https:\/\/urbefoto.com\/?page_id=3867","title":{"rendered":"Muros de maleza"},"content":{"rendered":"\n<p>La naturaleza nace y crece sin contemplaciones. Bloquea caminos y sendas e interrumpe el paso y el avance. Esa maleza que se va desarrollando sin control genera una mara\u00f1a viva y cambiante de ramas y \u00e1rboles que resulta inexpugnable. Se crean nuevos caminos que nos llevan a descubrir nuevos parajes a los que no habr\u00edamos llegado de otra manera. Me gusta pensar que los \u00abmuros de maleza\u00bb son creados por la naturaleza no para bloquear el paso, sino para obligarnos a explorar un poco m\u00e1s en profundidad y encontrar nuevos e incre\u00edbles lugares. <\/p>\n\n\n\n<div style=\"height:20px\" aria-hidden=\"true\" class=\"wp-block-spacer\"><\/div>\n\n\n\n<figure class=\"wp-block-gallery has-nested-images columns-2 is-cropped wp-block-gallery-1 is-layout-flex wp-block-gallery-is-layout-flex\">\n<figure class=\"wp-block-image size-full\"><a href=\"https:\/\/urbefoto.com\/wp-content\/uploads\/2019\/12\/Muro1.jpg\"><img loading=\"lazy\" decoding=\"async\" width=\"1000\" height=\"667\" data-id=\"3870\" src=\"https:\/\/urbefoto.com\/wp-content\/uploads\/2019\/12\/Muro1.jpg\" alt=\"\" class=\"wp-image-3870\" srcset=\"https:\/\/urbefoto.com\/wp-content\/uploads\/2019\/12\/Muro1.jpg 1000w, https:\/\/urbefoto.com\/wp-content\/uploads\/2019\/12\/Muro1-200x133.jpg 200w, https:\/\/urbefoto.com\/wp-content\/uploads\/2019\/12\/Muro1-600x400.jpg 600w, https:\/\/urbefoto.com\/wp-content\/uploads\/2019\/12\/Muro1-768x512.jpg 768w, https:\/\/urbefoto.com\/wp-content\/uploads\/2019\/12\/Muro1-830x554.jpg 830w, https:\/\/urbefoto.com\/wp-content\/uploads\/2019\/12\/Muro1-675x450.jpg 675w\" sizes=\"auto, (max-width: 1000px) 100vw, 1000px\" \/><\/a><\/figure>\n\n\n\n<figure class=\"wp-block-image size-full\"><a href=\"https:\/\/urbefoto.com\/wp-content\/uploads\/2019\/12\/Muro2.jpg\"><img loading=\"lazy\" decoding=\"async\" width=\"1000\" height=\"667\" data-id=\"3871\" src=\"https:\/\/urbefoto.com\/wp-content\/uploads\/2019\/12\/Muro2.jpg\" alt=\"\" class=\"wp-image-3871\" srcset=\"https:\/\/urbefoto.com\/wp-content\/uploads\/2019\/12\/Muro2.jpg 1000w, https:\/\/urbefoto.com\/wp-content\/uploads\/2019\/12\/Muro2-200x133.jpg 200w, https:\/\/urbefoto.com\/wp-content\/uploads\/2019\/12\/Muro2-600x400.jpg 600w, https:\/\/urbefoto.com\/wp-content\/uploads\/2019\/12\/Muro2-768x512.jpg 768w, https:\/\/urbefoto.com\/wp-content\/uploads\/2019\/12\/Muro2-830x554.jpg 830w, https:\/\/urbefoto.com\/wp-content\/uploads\/2019\/12\/Muro2-675x450.jpg 675w\" sizes=\"auto, (max-width: 1000px) 100vw, 1000px\" \/><\/a><\/figure>\n\n\n\n<figure class=\"wp-block-image size-full\"><a href=\"https:\/\/urbefoto.com\/wp-content\/uploads\/2020\/01\/Muro_Valcuevo.jpg\"><img loading=\"lazy\" decoding=\"async\" width=\"1000\" height=\"667\" data-id=\"3897\" src=\"https:\/\/urbefoto.com\/wp-content\/uploads\/2020\/01\/Muro_Valcuevo.jpg\" alt=\"\" class=\"wp-image-3897\" srcset=\"https:\/\/urbefoto.com\/wp-content\/uploads\/2020\/01\/Muro_Valcuevo.jpg 1000w, https:\/\/urbefoto.com\/wp-content\/uploads\/2020\/01\/Muro_Valcuevo-200x133.jpg 200w, https:\/\/urbefoto.com\/wp-content\/uploads\/2020\/01\/Muro_Valcuevo-600x400.jpg 600w, https:\/\/urbefoto.com\/wp-content\/uploads\/2020\/01\/Muro_Valcuevo-768x512.jpg 768w, https:\/\/urbefoto.com\/wp-content\/uploads\/2020\/01\/Muro_Valcuevo-830x554.jpg 830w, https:\/\/urbefoto.com\/wp-content\/uploads\/2020\/01\/Muro_Valcuevo-675x450.jpg 675w\" sizes=\"auto, (max-width: 1000px) 100vw, 1000px\" \/><\/a><\/figure>\n\n\n\n<figure class=\"wp-block-image size-full\"><a href=\"https:\/\/urbefoto.com\/wp-content\/uploads\/2019\/12\/MG_8842-1.jpg\"><img loading=\"lazy\" decoding=\"async\" width=\"1000\" height=\"667\" data-id=\"3890\" src=\"https:\/\/urbefoto.com\/wp-content\/uploads\/2019\/12\/MG_8842-1.jpg\" alt=\"\" class=\"wp-image-3890\" srcset=\"https:\/\/urbefoto.com\/wp-content\/uploads\/2019\/12\/MG_8842-1.jpg 1000w, https:\/\/urbefoto.com\/wp-content\/uploads\/2019\/12\/MG_8842-1-200x133.jpg 200w, https:\/\/urbefoto.com\/wp-content\/uploads\/2019\/12\/MG_8842-1-600x400.jpg 600w, https:\/\/urbefoto.com\/wp-content\/uploads\/2019\/12\/MG_8842-1-768x512.jpg 768w, https:\/\/urbefoto.com\/wp-content\/uploads\/2019\/12\/MG_8842-1-830x554.jpg 830w, https:\/\/urbefoto.com\/wp-content\/uploads\/2019\/12\/MG_8842-1-675x450.jpg 675w\" sizes=\"auto, (max-width: 1000px) 100vw, 1000px\" \/><\/a><\/figure>\n\n\n\n<figure class=\"wp-block-image size-full\"><a href=\"https:\/\/urbefoto.com\/wp-content\/uploads\/2019\/12\/Muro4.jpg\"><img loading=\"lazy\" decoding=\"async\" width=\"1000\" height=\"800\" data-id=\"3880\" src=\"https:\/\/urbefoto.com\/wp-content\/uploads\/2019\/12\/Muro4.jpg\" alt=\"\" class=\"wp-image-3880\" srcset=\"https:\/\/urbefoto.com\/wp-content\/uploads\/2019\/12\/Muro4.jpg 1000w, https:\/\/urbefoto.com\/wp-content\/uploads\/2019\/12\/Muro4-200x160.jpg 200w, https:\/\/urbefoto.com\/wp-content\/uploads\/2019\/12\/Muro4-500x400.jpg 500w, https:\/\/urbefoto.com\/wp-content\/uploads\/2019\/12\/Muro4-768x614.jpg 768w, https:\/\/urbefoto.com\/wp-content\/uploads\/2019\/12\/Muro4-830x664.jpg 830w, https:\/\/urbefoto.com\/wp-content\/uploads\/2019\/12\/Muro4-600x480.jpg 600w, https:\/\/urbefoto.com\/wp-content\/uploads\/2019\/12\/Muro4-563x450.jpg 563w\" sizes=\"auto, (max-width: 1000px) 100vw, 1000px\" \/><\/a><\/figure>\n\n\n\n<figure class=\"wp-block-image size-full\"><a href=\"https:\/\/urbefoto.com\/wp-content\/uploads\/2019\/12\/Muro5.jpg\"><img loading=\"lazy\" decoding=\"async\" width=\"1000\" height=\"667\" data-id=\"3881\" src=\"https:\/\/urbefoto.com\/wp-content\/uploads\/2019\/12\/Muro5.jpg\" alt=\"\" class=\"wp-image-3881\" srcset=\"https:\/\/urbefoto.com\/wp-content\/uploads\/2019\/12\/Muro5.jpg 1000w, https:\/\/urbefoto.com\/wp-content\/uploads\/2019\/12\/Muro5-200x133.jpg 200w, https:\/\/urbefoto.com\/wp-content\/uploads\/2019\/12\/Muro5-600x400.jpg 600w, https:\/\/urbefoto.com\/wp-content\/uploads\/2019\/12\/Muro5-768x512.jpg 768w, https:\/\/urbefoto.com\/wp-content\/uploads\/2019\/12\/Muro5-830x554.jpg 830w, https:\/\/urbefoto.com\/wp-content\/uploads\/2019\/12\/Muro5-675x450.jpg 675w\" sizes=\"auto, (max-width: 1000px) 100vw, 1000px\" \/><\/a><\/figure>\n\n\n\n<figure class=\"wp-block-image size-full\"><a href=\"https:\/\/urbefoto.com\/wp-content\/uploads\/2019\/12\/Muro6.jpg\"><img loading=\"lazy\" decoding=\"async\" width=\"1000\" height=\"667\" data-id=\"3882\" src=\"https:\/\/urbefoto.com\/wp-content\/uploads\/2019\/12\/Muro6.jpg\" alt=\"\" class=\"wp-image-3882\" srcset=\"https:\/\/urbefoto.com\/wp-content\/uploads\/2019\/12\/Muro6.jpg 1000w, https:\/\/urbefoto.com\/wp-content\/uploads\/2019\/12\/Muro6-200x133.jpg 200w, https:\/\/urbefoto.com\/wp-content\/uploads\/2019\/12\/Muro6-600x400.jpg 600w, https:\/\/urbefoto.com\/wp-content\/uploads\/2019\/12\/Muro6-768x512.jpg 768w, https:\/\/urbefoto.com\/wp-content\/uploads\/2019\/12\/Muro6-830x554.jpg 830w, https:\/\/urbefoto.com\/wp-content\/uploads\/2019\/12\/Muro6-675x450.jpg 675w\" sizes=\"auto, (max-width: 1000px) 100vw, 1000px\" \/><\/a><\/figure>\n\n\n\n<figure class=\"wp-block-image size-full\"><a href=\"https:\/\/urbefoto.com\/wp-content\/uploads\/2019\/12\/MG_8833-3.jpg\"><img loading=\"lazy\" decoding=\"async\" width=\"1000\" height=\"667\" data-id=\"3892\" src=\"https:\/\/urbefoto.com\/wp-content\/uploads\/2019\/12\/MG_8833-3.jpg\" alt=\"\" class=\"wp-image-3892\" srcset=\"https:\/\/urbefoto.com\/wp-content\/uploads\/2019\/12\/MG_8833-3.jpg 1000w, https:\/\/urbefoto.com\/wp-content\/uploads\/2019\/12\/MG_8833-3-200x133.jpg 200w, https:\/\/urbefoto.com\/wp-content\/uploads\/2019\/12\/MG_8833-3-600x400.jpg 600w, https:\/\/urbefoto.com\/wp-content\/uploads\/2019\/12\/MG_8833-3-768x512.jpg 768w, https:\/\/urbefoto.com\/wp-content\/uploads\/2019\/12\/MG_8833-3-830x554.jpg 830w, https:\/\/urbefoto.com\/wp-content\/uploads\/2019\/12\/MG_8833-3-675x450.jpg 675w\" sizes=\"auto, (max-width: 1000px) 100vw, 1000px\" \/><\/a><\/figure>\n\n\n\n<figure class=\"wp-block-image size-full\"><a href=\"https:\/\/urbefoto.com\/wp-content\/uploads\/2019\/12\/Muro7.jpg\"><img loading=\"lazy\" decoding=\"async\" width=\"1000\" height=\"667\" data-id=\"3883\" src=\"https:\/\/urbefoto.com\/wp-content\/uploads\/2019\/12\/Muro7.jpg\" alt=\"\" class=\"wp-image-3883\" srcset=\"https:\/\/urbefoto.com\/wp-content\/uploads\/2019\/12\/Muro7.jpg 1000w, https:\/\/urbefoto.com\/wp-content\/uploads\/2019\/12\/Muro7-200x133.jpg 200w, https:\/\/urbefoto.com\/wp-content\/uploads\/2019\/12\/Muro7-600x400.jpg 600w, https:\/\/urbefoto.com\/wp-content\/uploads\/2019\/12\/Muro7-768x512.jpg 768w, https:\/\/urbefoto.com\/wp-content\/uploads\/2019\/12\/Muro7-830x554.jpg 830w, https:\/\/urbefoto.com\/wp-content\/uploads\/2019\/12\/Muro7-675x450.jpg 675w\" sizes=\"auto, (max-width: 1000px) 100vw, 1000px\" \/><\/a><\/figure>\n\n\n\n<figure class=\"wp-block-image size-full\"><a href=\"https:\/\/urbefoto.com\/wp-content\/uploads\/2019\/12\/Muro8.jpg\"><img loading=\"lazy\" decoding=\"async\" width=\"1000\" height=\"667\" data-id=\"3884\" src=\"https:\/\/urbefoto.com\/wp-content\/uploads\/2019\/12\/Muro8.jpg\" alt=\"\" class=\"wp-image-3884\" srcset=\"https:\/\/urbefoto.com\/wp-content\/uploads\/2019\/12\/Muro8.jpg 1000w, https:\/\/urbefoto.com\/wp-content\/uploads\/2019\/12\/Muro8-200x133.jpg 200w, https:\/\/urbefoto.com\/wp-content\/uploads\/2019\/12\/Muro8-600x400.jpg 600w, https:\/\/urbefoto.com\/wp-content\/uploads\/2019\/12\/Muro8-768x512.jpg 768w, https:\/\/urbefoto.com\/wp-content\/uploads\/2019\/12\/Muro8-830x554.jpg 830w, https:\/\/urbefoto.com\/wp-content\/uploads\/2019\/12\/Muro8-675x450.jpg 675w\" sizes=\"auto, (max-width: 1000px) 100vw, 1000px\" \/><\/a><\/figure>\n\n\n\n<figure class=\"wp-block-image size-full\"><a href=\"https:\/\/urbefoto.com\/wp-content\/uploads\/2019\/12\/Muro11.jpg\"><img loading=\"lazy\" decoding=\"async\" width=\"1000\" height=\"668\" data-id=\"3887\" src=\"https:\/\/urbefoto.com\/wp-content\/uploads\/2019\/12\/Muro11.jpg\" alt=\"\" class=\"wp-image-3887\" srcset=\"https:\/\/urbefoto.com\/wp-content\/uploads\/2019\/12\/Muro11.jpg 1000w, https:\/\/urbefoto.com\/wp-content\/uploads\/2019\/12\/Muro11-200x134.jpg 200w, https:\/\/urbefoto.com\/wp-content\/uploads\/2019\/12\/Muro11-600x401.jpg 600w, https:\/\/urbefoto.com\/wp-content\/uploads\/2019\/12\/Muro11-768x513.jpg 768w, https:\/\/urbefoto.com\/wp-content\/uploads\/2019\/12\/Muro11-830x554.jpg 830w, https:\/\/urbefoto.com\/wp-content\/uploads\/2019\/12\/Muro11-674x450.jpg 674w\" sizes=\"auto, (max-width: 1000px) 100vw, 1000px\" \/><\/a><\/figure>\n<\/figure>\n\n\n\n<div style=\"height:40px\" aria-hidden=\"true\" class=\"wp-block-spacer\"><\/div>\n\n\n\n<p class=\"has-text-color has-background\" style=\"color:#777777;background-color:#ededed\">No se permite la reproducci\u00f3n, publicaci\u00f3n o reubicaci\u00f3n de ning\u00fan contenido de este sitio sin un permiso expreso previo por escrito. Por favor use el formulario de contacto para m\u00e1s informaci\u00f3n.  <\/p>\n","protected":false},"excerpt":{"rendered":"<p>La naturaleza nace y crece sin contemplaciones. Bloquea caminos y sendas e interrumpe el paso y el avance. Esa maleza que se va desarrollando sin control genera una mara\u00f1a viva y cambiante de ramas y \u00e1rboles que resulta inexpugnable. Se crean nuevos caminos que nos llevan a descubrir nuevos parajes a los que no habr\u00edamos llegado de otra manera. Me gusta pensar que los \u00abmuros de maleza\u00bb son creados por la naturaleza no para bloquear el paso, sino para obligarnos a explorar un poco m\u00e1s en profundidad y encontrar nuevos e incre\u00edbles lugares. No se permite la reproducci\u00f3n, publicaci\u00f3n o reubicaci\u00f3n de ning\u00fan contenido de este sitio sin un permiso expreso previo por escrito. Por favor use el formulario de contacto para m\u00e1s informaci\u00f3n.<\/p>\n","protected":false},"author":2,"featured_media":0,"parent":0,"menu_order":0,"comment_status":"closed","ping_status":"closed","template":"","meta":{"footnotes":""},"class_list":["post-3867","page","type-page","status-publish","hentry"],"_links":{"self":[{"href":"https:\/\/urbefoto.com\/index.php?rest_route=\/wp\/v2\/pages\/3867","targetHints":{"allow":["GET"]}}],"collection":[{"href":"https:\/\/urbefoto.com\/index.php?rest_route=\/wp\/v2\/pages"}],"about":[{"href":"https:\/\/urbefoto.com\/index.php?rest_route=\/wp\/v2\/types\/page"}],"author":[{"embeddable":true,"href":"https:\/\/urbefoto.com\/index.php?rest_route=\/wp\/v2\/users\/2"}],"replies":[{"embeddable":true,"href":"https:\/\/urbefoto.com\/index.php?rest_route=%2Fwp%2Fv2%2Fcomments&post=3867"}],"version-history":[{"count":13,"href":"https:\/\/urbefoto.com\/index.php?rest_route=\/wp\/v2\/pages\/3867\/revisions"}],"predecessor-version":[{"id":25401,"href":"https:\/\/urbefoto.com\/index.php?rest_route=\/wp\/v2\/pages\/3867\/revisions\/25401"}],"wp:attachment":[{"href":"https:\/\/urbefoto.com\/index.php?rest_route=%2Fwp%2Fv2%2Fmedia&parent=3867"}],"curies":[{"name":"wp","href":"https:\/\/api.w.org\/{rel}","templated":true}]}}