{"id":3183,"date":"2018-11-04T19:49:57","date_gmt":"2018-11-04T18:49:57","guid":{"rendered":"http:\/\/urbefoto.com\/?page_id=3183"},"modified":"2024-10-07T08:40:34","modified_gmt":"2024-10-07T06:40:34","slug":"paisajismo","status":"publish","type":"page","link":"https:\/\/urbefoto.com\/?page_id=3183","title":{"rendered":"Parajes"},"content":{"rendered":"\n<p>\n\nEn aquellos lugares en los que no hay intervenci\u00f3n del hombre la naturaleza se abre camino, salvaje, y agreste.<br>La vegetaci\u00f3n unas veces nos deja visitarla, pero otras nos llega incluso a cerrar el paso.<br>Es una creaci\u00f3n de oscuridad y luz, que se comunica y manifiesta que nos sobrevivir\u00e1 a todos. Inmortal y eterna.\n\n<\/p>\n\n\n\n<div style=\"height:20px\" aria-hidden=\"true\" class=\"wp-block-spacer\"><\/div>\n\n\n\n<figure class=\"wp-block-gallery has-nested-images columns-2 is-cropped wp-block-gallery-1 is-layout-flex wp-block-gallery-is-layout-flex\">\n<figure class=\"wp-block-image size-full\"><a href=\"https:\/\/urbefoto.com\/wp-content\/uploads\/2019\/05\/AtardecerSoto.jpg\"><img loading=\"lazy\" decoding=\"async\" width=\"1000\" height=\"667\" data-id=\"3860\" src=\"https:\/\/urbefoto.com\/wp-content\/uploads\/2019\/05\/AtardecerSoto.jpg\" alt=\"\" class=\"wp-image-3860\" srcset=\"https:\/\/urbefoto.com\/wp-content\/uploads\/2019\/05\/AtardecerSoto.jpg 1000w, https:\/\/urbefoto.com\/wp-content\/uploads\/2019\/05\/AtardecerSoto-200x133.jpg 200w, https:\/\/urbefoto.com\/wp-content\/uploads\/2019\/05\/AtardecerSoto-600x400.jpg 600w, https:\/\/urbefoto.com\/wp-content\/uploads\/2019\/05\/AtardecerSoto-768x512.jpg 768w, https:\/\/urbefoto.com\/wp-content\/uploads\/2019\/05\/AtardecerSoto-830x554.jpg 830w, https:\/\/urbefoto.com\/wp-content\/uploads\/2019\/05\/AtardecerSoto-675x450.jpg 675w\" sizes=\"auto, (max-width: 1000px) 100vw, 1000px\" \/><\/a><\/figure>\n\n\n\n<figure class=\"wp-block-image size-full\"><a href=\"https:\/\/urbefoto.com\/wp-content\/uploads\/2019\/03\/Mogarraz.jpg\"><img loading=\"lazy\" decoding=\"async\" width=\"1000\" height=\"667\" data-id=\"3823\" src=\"https:\/\/urbefoto.com\/wp-content\/uploads\/2019\/03\/Mogarraz.jpg\" alt=\"Entre Mogarraz y Monforte\" class=\"wp-image-3823\" srcset=\"https:\/\/urbefoto.com\/wp-content\/uploads\/2019\/03\/Mogarraz.jpg 1000w, https:\/\/urbefoto.com\/wp-content\/uploads\/2019\/03\/Mogarraz-200x133.jpg 200w, https:\/\/urbefoto.com\/wp-content\/uploads\/2019\/03\/Mogarraz-600x400.jpg 600w, https:\/\/urbefoto.com\/wp-content\/uploads\/2019\/03\/Mogarraz-768x512.jpg 768w, https:\/\/urbefoto.com\/wp-content\/uploads\/2019\/03\/Mogarraz-830x554.jpg 830w, https:\/\/urbefoto.com\/wp-content\/uploads\/2019\/03\/Mogarraz-675x450.jpg 675w\" sizes=\"auto, (max-width: 1000px) 100vw, 1000px\" \/><\/a><\/figure>\n\n\n\n<figure class=\"wp-block-image size-full\"><a href=\"https:\/\/urbefoto.com\/wp-content\/uploads\/2018\/11\/Isla_del_soto_2.jpg\"><img loading=\"lazy\" decoding=\"async\" width=\"1000\" height=\"667\" data-id=\"3558\" src=\"https:\/\/urbefoto.com\/wp-content\/uploads\/2018\/11\/Isla_del_soto_2.jpg\" alt=\"Isla del Soto. Santa Marta de Tormes (Salamanca) A\u00f1o 2018.\" class=\"wp-image-3558\" srcset=\"https:\/\/urbefoto.com\/wp-content\/uploads\/2018\/11\/Isla_del_soto_2.jpg 1000w, https:\/\/urbefoto.com\/wp-content\/uploads\/2018\/11\/Isla_del_soto_2-200x133.jpg 200w, https:\/\/urbefoto.com\/wp-content\/uploads\/2018\/11\/Isla_del_soto_2-600x400.jpg 600w, https:\/\/urbefoto.com\/wp-content\/uploads\/2018\/11\/Isla_del_soto_2-768x512.jpg 768w, https:\/\/urbefoto.com\/wp-content\/uploads\/2018\/11\/Isla_del_soto_2-830x554.jpg 830w, https:\/\/urbefoto.com\/wp-content\/uploads\/2018\/11\/Isla_del_soto_2-675x450.jpg 675w\" sizes=\"auto, (max-width: 1000px) 100vw, 1000px\" \/><\/a><\/figure>\n\n\n\n<figure class=\"wp-block-image size-full\"><a href=\"https:\/\/urbefoto.com\/wp-content\/uploads\/2018\/11\/Isla_del_soto_1.jpg\"><img loading=\"lazy\" decoding=\"async\" width=\"1000\" height=\"667\" data-id=\"3556\" src=\"https:\/\/urbefoto.com\/wp-content\/uploads\/2018\/11\/Isla_del_soto_1.jpg\" alt=\"Isla del Soto. Santa Marta de Tormes (Salamanca) A\u00f1o 2018.\" class=\"wp-image-3556\" srcset=\"https:\/\/urbefoto.com\/wp-content\/uploads\/2018\/11\/Isla_del_soto_1.jpg 1000w, https:\/\/urbefoto.com\/wp-content\/uploads\/2018\/11\/Isla_del_soto_1-200x133.jpg 200w, https:\/\/urbefoto.com\/wp-content\/uploads\/2018\/11\/Isla_del_soto_1-600x400.jpg 600w, https:\/\/urbefoto.com\/wp-content\/uploads\/2018\/11\/Isla_del_soto_1-768x512.jpg 768w, https:\/\/urbefoto.com\/wp-content\/uploads\/2018\/11\/Isla_del_soto_1-830x554.jpg 830w, https:\/\/urbefoto.com\/wp-content\/uploads\/2018\/11\/Isla_del_soto_1-675x450.jpg 675w\" sizes=\"auto, (max-width: 1000px) 100vw, 1000px\" \/><\/a><\/figure>\n\n\n\n<figure class=\"wp-block-image size-full\"><a href=\"https:\/\/urbefoto.com\/wp-content\/uploads\/2018\/11\/Maillo2.jpg\"><img loading=\"lazy\" decoding=\"async\" width=\"1000\" height=\"667\" data-id=\"3562\" src=\"https:\/\/urbefoto.com\/wp-content\/uploads\/2018\/11\/Maillo2.jpg\" alt=\"Ruta entre el Ma\u00edllo y la Pe\u00f1a de Francia (Salamanca) A\u00f1o 2018.\" class=\"wp-image-3562\" srcset=\"https:\/\/urbefoto.com\/wp-content\/uploads\/2018\/11\/Maillo2.jpg 1000w, https:\/\/urbefoto.com\/wp-content\/uploads\/2018\/11\/Maillo2-200x133.jpg 200w, https:\/\/urbefoto.com\/wp-content\/uploads\/2018\/11\/Maillo2-600x400.jpg 600w, https:\/\/urbefoto.com\/wp-content\/uploads\/2018\/11\/Maillo2-768x512.jpg 768w, https:\/\/urbefoto.com\/wp-content\/uploads\/2018\/11\/Maillo2-830x554.jpg 830w, https:\/\/urbefoto.com\/wp-content\/uploads\/2018\/11\/Maillo2-675x450.jpg 675w\" sizes=\"auto, (max-width: 1000px) 100vw, 1000px\" \/><\/a><\/figure>\n\n\n\n<figure class=\"wp-block-image size-full\"><a href=\"https:\/\/urbefoto.com\/wp-content\/uploads\/2018\/11\/Maillo3.jpg\"><img loading=\"lazy\" decoding=\"async\" width=\"1000\" height=\"667\" data-id=\"3563\" src=\"https:\/\/urbefoto.com\/wp-content\/uploads\/2018\/11\/Maillo3.jpg\" alt=\"Ruta entre el Ma\u00edllo y la Pe\u00f1a de Francia (Salamanca) A\u00f1o 2018.\" class=\"wp-image-3563\" srcset=\"https:\/\/urbefoto.com\/wp-content\/uploads\/2018\/11\/Maillo3.jpg 1000w, https:\/\/urbefoto.com\/wp-content\/uploads\/2018\/11\/Maillo3-200x133.jpg 200w, https:\/\/urbefoto.com\/wp-content\/uploads\/2018\/11\/Maillo3-600x400.jpg 600w, https:\/\/urbefoto.com\/wp-content\/uploads\/2018\/11\/Maillo3-768x512.jpg 768w, https:\/\/urbefoto.com\/wp-content\/uploads\/2018\/11\/Maillo3-830x554.jpg 830w, https:\/\/urbefoto.com\/wp-content\/uploads\/2018\/11\/Maillo3-675x450.jpg 675w\" sizes=\"auto, (max-width: 1000px) 100vw, 1000px\" \/><\/a><\/figure>\n\n\n\n<figure class=\"wp-block-image size-full\"><a href=\"https:\/\/urbefoto.com\/wp-content\/uploads\/2018\/11\/Cabaco.jpg\"><img loading=\"lazy\" decoding=\"async\" width=\"1000\" height=\"667\" data-id=\"3565\" src=\"https:\/\/urbefoto.com\/wp-content\/uploads\/2018\/11\/Cabaco.jpg\" alt=\"Ruta entre el Cabaco y la Pe\u00f1a de Francia (Salamanca) A\u00f1o 2018.\" class=\"wp-image-3565\" srcset=\"https:\/\/urbefoto.com\/wp-content\/uploads\/2018\/11\/Cabaco.jpg 1000w, https:\/\/urbefoto.com\/wp-content\/uploads\/2018\/11\/Cabaco-200x133.jpg 200w, https:\/\/urbefoto.com\/wp-content\/uploads\/2018\/11\/Cabaco-600x400.jpg 600w, https:\/\/urbefoto.com\/wp-content\/uploads\/2018\/11\/Cabaco-768x512.jpg 768w, https:\/\/urbefoto.com\/wp-content\/uploads\/2018\/11\/Cabaco-830x554.jpg 830w, https:\/\/urbefoto.com\/wp-content\/uploads\/2018\/11\/Cabaco-675x450.jpg 675w\" sizes=\"auto, (max-width: 1000px) 100vw, 1000px\" \/><\/a><\/figure>\n\n\n\n<figure class=\"wp-block-image size-full\"><a href=\"https:\/\/urbefoto.com\/wp-content\/uploads\/2018\/11\/El-cabaco.jpg\"><img loading=\"lazy\" decoding=\"async\" width=\"1000\" height=\"667\" data-id=\"3640\" src=\"https:\/\/urbefoto.com\/wp-content\/uploads\/2018\/11\/El-cabaco.jpg\" alt=\"Ruta entre el Cabaco y la Pe\u00f1a de Francia (Salamanca) A\u00f1o 2018.\" class=\"wp-image-3640\" srcset=\"https:\/\/urbefoto.com\/wp-content\/uploads\/2018\/11\/El-cabaco.jpg 1000w, https:\/\/urbefoto.com\/wp-content\/uploads\/2018\/11\/El-cabaco-200x133.jpg 200w, https:\/\/urbefoto.com\/wp-content\/uploads\/2018\/11\/El-cabaco-600x400.jpg 600w, https:\/\/urbefoto.com\/wp-content\/uploads\/2018\/11\/El-cabaco-768x512.jpg 768w, https:\/\/urbefoto.com\/wp-content\/uploads\/2018\/11\/El-cabaco-830x554.jpg 830w, https:\/\/urbefoto.com\/wp-content\/uploads\/2018\/11\/El-cabaco-675x450.jpg 675w\" sizes=\"auto, (max-width: 1000px) 100vw, 1000px\" \/><\/a><\/figure>\n\n\n\n<figure class=\"wp-block-image size-full\"><a href=\"https:\/\/urbefoto.com\/wp-content\/uploads\/2018\/11\/Helechos.jpg\"><img loading=\"lazy\" decoding=\"async\" width=\"1000\" height=\"667\" data-id=\"3632\" src=\"https:\/\/urbefoto.com\/wp-content\/uploads\/2018\/11\/Helechos.jpg\" alt=\"Ruta entre el Cabaco y la Pe\u00f1a de Francia (Salamanca) A\u00f1o 2018.\" class=\"wp-image-3632\" srcset=\"https:\/\/urbefoto.com\/wp-content\/uploads\/2018\/11\/Helechos.jpg 1000w, https:\/\/urbefoto.com\/wp-content\/uploads\/2018\/11\/Helechos-200x133.jpg 200w, https:\/\/urbefoto.com\/wp-content\/uploads\/2018\/11\/Helechos-600x400.jpg 600w, https:\/\/urbefoto.com\/wp-content\/uploads\/2018\/11\/Helechos-768x512.jpg 768w, https:\/\/urbefoto.com\/wp-content\/uploads\/2018\/11\/Helechos-830x554.jpg 830w, https:\/\/urbefoto.com\/wp-content\/uploads\/2018\/11\/Helechos-675x450.jpg 675w\" sizes=\"auto, (max-width: 1000px) 100vw, 1000px\" \/><\/a><\/figure>\n\n\n\n<figure class=\"wp-block-image size-full\"><a href=\"https:\/\/urbefoto.com\/wp-content\/uploads\/2018\/11\/Puente_romano_2.jpg\"><img loading=\"lazy\" decoding=\"async\" width=\"1000\" height=\"667\" data-id=\"3568\" src=\"https:\/\/urbefoto.com\/wp-content\/uploads\/2018\/11\/Puente_romano_2.jpg\" alt=\"Vegetaci\u00f3n bajo el Puente Romano de Salamanca. A\u00f1o 2018.\" class=\"wp-image-3568\" srcset=\"https:\/\/urbefoto.com\/wp-content\/uploads\/2018\/11\/Puente_romano_2.jpg 1000w, https:\/\/urbefoto.com\/wp-content\/uploads\/2018\/11\/Puente_romano_2-200x133.jpg 200w, https:\/\/urbefoto.com\/wp-content\/uploads\/2018\/11\/Puente_romano_2-600x400.jpg 600w, https:\/\/urbefoto.com\/wp-content\/uploads\/2018\/11\/Puente_romano_2-768x512.jpg 768w, https:\/\/urbefoto.com\/wp-content\/uploads\/2018\/11\/Puente_romano_2-830x554.jpg 830w, https:\/\/urbefoto.com\/wp-content\/uploads\/2018\/11\/Puente_romano_2-675x450.jpg 675w\" sizes=\"auto, (max-width: 1000px) 100vw, 1000px\" \/><\/a><\/figure>\n\n\n\n<figure class=\"wp-block-image size-full\"><a href=\"https:\/\/urbefoto.com\/wp-content\/uploads\/2018\/11\/Puente_romano_1.jpg\"><img loading=\"lazy\" decoding=\"async\" width=\"1000\" height=\"667\" data-id=\"3567\" src=\"https:\/\/urbefoto.com\/wp-content\/uploads\/2018\/11\/Puente_romano_1.jpg\" alt=\"Vegetaci\u00f3n bajo el Puente Romano de Salamanca\" class=\"wp-image-3567\" srcset=\"https:\/\/urbefoto.com\/wp-content\/uploads\/2018\/11\/Puente_romano_1.jpg 1000w, https:\/\/urbefoto.com\/wp-content\/uploads\/2018\/11\/Puente_romano_1-200x133.jpg 200w, https:\/\/urbefoto.com\/wp-content\/uploads\/2018\/11\/Puente_romano_1-600x400.jpg 600w, https:\/\/urbefoto.com\/wp-content\/uploads\/2018\/11\/Puente_romano_1-768x512.jpg 768w, https:\/\/urbefoto.com\/wp-content\/uploads\/2018\/11\/Puente_romano_1-830x554.jpg 830w, https:\/\/urbefoto.com\/wp-content\/uploads\/2018\/11\/Puente_romano_1-675x450.jpg 675w\" sizes=\"auto, (max-width: 1000px) 100vw, 1000px\" \/><\/a><\/figure>\n\n\n\n<figure class=\"wp-block-image size-full\"><a href=\"https:\/\/urbefoto.com\/wp-content\/uploads\/2018\/11\/Isla-del-soto4.jpg\"><img loading=\"lazy\" decoding=\"async\" width=\"1000\" height=\"667\" data-id=\"3571\" src=\"https:\/\/urbefoto.com\/wp-content\/uploads\/2018\/11\/Isla-del-soto4.jpg\" alt=\"Isla del Soto, Santa Marta de Tormes (Salamanca). A\u00f1o 2013\" class=\"wp-image-3571\" srcset=\"https:\/\/urbefoto.com\/wp-content\/uploads\/2018\/11\/Isla-del-soto4.jpg 1000w, https:\/\/urbefoto.com\/wp-content\/uploads\/2018\/11\/Isla-del-soto4-200x133.jpg 200w, https:\/\/urbefoto.com\/wp-content\/uploads\/2018\/11\/Isla-del-soto4-600x400.jpg 600w, https:\/\/urbefoto.com\/wp-content\/uploads\/2018\/11\/Isla-del-soto4-768x512.jpg 768w, https:\/\/urbefoto.com\/wp-content\/uploads\/2018\/11\/Isla-del-soto4-830x554.jpg 830w, https:\/\/urbefoto.com\/wp-content\/uploads\/2018\/11\/Isla-del-soto4-675x450.jpg 675w\" sizes=\"auto, (max-width: 1000px) 100vw, 1000px\" \/><\/a><\/figure>\n\n\n\n<figure class=\"wp-block-image size-full\"><a href=\"https:\/\/urbefoto.com\/wp-content\/uploads\/2018\/11\/Isla-del-soto3.jpg\"><img loading=\"lazy\" decoding=\"async\" width=\"1000\" height=\"667\" data-id=\"3570\" src=\"https:\/\/urbefoto.com\/wp-content\/uploads\/2018\/11\/Isla-del-soto3.jpg\" alt=\"Isla del Soto, Santa Marta de Tormes (Salamanca). A\u00f1o 2013\" class=\"wp-image-3570\" srcset=\"https:\/\/urbefoto.com\/wp-content\/uploads\/2018\/11\/Isla-del-soto3.jpg 1000w, https:\/\/urbefoto.com\/wp-content\/uploads\/2018\/11\/Isla-del-soto3-200x133.jpg 200w, https:\/\/urbefoto.com\/wp-content\/uploads\/2018\/11\/Isla-del-soto3-600x400.jpg 600w, https:\/\/urbefoto.com\/wp-content\/uploads\/2018\/11\/Isla-del-soto3-768x512.jpg 768w, https:\/\/urbefoto.com\/wp-content\/uploads\/2018\/11\/Isla-del-soto3-830x554.jpg 830w, https:\/\/urbefoto.com\/wp-content\/uploads\/2018\/11\/Isla-del-soto3-675x450.jpg 675w\" sizes=\"auto, (max-width: 1000px) 100vw, 1000px\" \/><\/a><\/figure>\n\n\n\n<figure class=\"wp-block-image size-full\"><a href=\"https:\/\/urbefoto.com\/wp-content\/uploads\/2018\/11\/Maillo.jpg\"><img loading=\"lazy\" decoding=\"async\" width=\"1000\" height=\"665\" data-id=\"3560\" src=\"https:\/\/urbefoto.com\/wp-content\/uploads\/2018\/11\/Maillo.jpg\" alt=\"Ruta entre el Ma\u00edllo y la Pe\u00f1a de Francia (Salamanca) A\u00f1o 2018.\" class=\"wp-image-3560\" srcset=\"https:\/\/urbefoto.com\/wp-content\/uploads\/2018\/11\/Maillo.jpg 1000w, https:\/\/urbefoto.com\/wp-content\/uploads\/2018\/11\/Maillo-200x133.jpg 200w, https:\/\/urbefoto.com\/wp-content\/uploads\/2018\/11\/Maillo-600x399.jpg 600w, https:\/\/urbefoto.com\/wp-content\/uploads\/2018\/11\/Maillo-768x511.jpg 768w, https:\/\/urbefoto.com\/wp-content\/uploads\/2018\/11\/Maillo-830x552.jpg 830w, https:\/\/urbefoto.com\/wp-content\/uploads\/2018\/11\/Maillo-677x450.jpg 677w\" sizes=\"auto, (max-width: 1000px) 100vw, 1000px\" \/><\/a><\/figure>\n\n\n\n<figure class=\"wp-block-image size-full\"><a href=\"https:\/\/urbefoto.com\/wp-content\/uploads\/2018\/11\/Linares.jpg\"><img loading=\"lazy\" decoding=\"async\" width=\"1000\" height=\"667\" data-id=\"3575\" src=\"https:\/\/urbefoto.com\/wp-content\/uploads\/2018\/11\/Linares.jpg\" alt=\"Bosque de la honfr\u00eda. Linares de Riofr\u00edo (Salamanca). A\u00f1o 2017\" class=\"wp-image-3575\" srcset=\"https:\/\/urbefoto.com\/wp-content\/uploads\/2018\/11\/Linares.jpg 1000w, https:\/\/urbefoto.com\/wp-content\/uploads\/2018\/11\/Linares-200x133.jpg 200w, https:\/\/urbefoto.com\/wp-content\/uploads\/2018\/11\/Linares-600x400.jpg 600w, https:\/\/urbefoto.com\/wp-content\/uploads\/2018\/11\/Linares-768x512.jpg 768w, https:\/\/urbefoto.com\/wp-content\/uploads\/2018\/11\/Linares-830x554.jpg 830w, https:\/\/urbefoto.com\/wp-content\/uploads\/2018\/11\/Linares-675x450.jpg 675w\" sizes=\"auto, (max-width: 1000px) 100vw, 1000px\" \/><\/a><\/figure>\n\n\n\n<figure class=\"wp-block-image size-full\"><a href=\"https:\/\/urbefoto.com\/wp-content\/uploads\/2019\/03\/Salamanca-rotonda-iman-2.jpg\"><img loading=\"lazy\" decoding=\"async\" width=\"1000\" height=\"667\" data-id=\"3756\" src=\"https:\/\/urbefoto.com\/wp-content\/uploads\/2019\/03\/Salamanca-rotonda-iman-2.jpg\" alt=\"\" class=\"wp-image-3756\" srcset=\"https:\/\/urbefoto.com\/wp-content\/uploads\/2019\/03\/Salamanca-rotonda-iman-2.jpg 1000w, https:\/\/urbefoto.com\/wp-content\/uploads\/2019\/03\/Salamanca-rotonda-iman-2-200x133.jpg 200w, https:\/\/urbefoto.com\/wp-content\/uploads\/2019\/03\/Salamanca-rotonda-iman-2-600x400.jpg 600w, https:\/\/urbefoto.com\/wp-content\/uploads\/2019\/03\/Salamanca-rotonda-iman-2-768x512.jpg 768w, https:\/\/urbefoto.com\/wp-content\/uploads\/2019\/03\/Salamanca-rotonda-iman-2-830x554.jpg 830w, https:\/\/urbefoto.com\/wp-content\/uploads\/2019\/03\/Salamanca-rotonda-iman-2-675x450.jpg 675w\" sizes=\"auto, (max-width: 1000px) 100vw, 1000px\" \/><\/a><\/figure>\n\n\n\n<figure class=\"wp-block-image size-full\"><a href=\"https:\/\/urbefoto.com\/wp-content\/uploads\/2018\/12\/MG_5197-1.jpg\"><img loading=\"lazy\" decoding=\"async\" width=\"1000\" height=\"667\" data-id=\"3714\" src=\"https:\/\/urbefoto.com\/wp-content\/uploads\/2018\/12\/MG_5197-1.jpg\" alt=\"\" class=\"wp-image-3714\" srcset=\"https:\/\/urbefoto.com\/wp-content\/uploads\/2018\/12\/MG_5197-1.jpg 1000w, https:\/\/urbefoto.com\/wp-content\/uploads\/2018\/12\/MG_5197-1-200x133.jpg 200w, https:\/\/urbefoto.com\/wp-content\/uploads\/2018\/12\/MG_5197-1-600x400.jpg 600w, https:\/\/urbefoto.com\/wp-content\/uploads\/2018\/12\/MG_5197-1-768x512.jpg 768w, https:\/\/urbefoto.com\/wp-content\/uploads\/2018\/12\/MG_5197-1-830x554.jpg 830w, https:\/\/urbefoto.com\/wp-content\/uploads\/2018\/12\/MG_5197-1-675x450.jpg 675w\" sizes=\"auto, (max-width: 1000px) 100vw, 1000px\" \/><\/a><\/figure>\n\n\n\n<figure class=\"wp-block-image size-full\"><a href=\"https:\/\/urbefoto.com\/wp-content\/uploads\/2018\/11\/tumblr_ohdgb7ilzD1vhjq6co1_1280.jpg\"><img loading=\"lazy\" decoding=\"async\" width=\"975\" height=\"650\" data-id=\"3434\" src=\"https:\/\/urbefoto.com\/wp-content\/uploads\/2018\/11\/tumblr_ohdgb7ilzD1vhjq6co1_1280.jpg\" alt=\"Vegetaci\u00f3n cerca del Puente Romano de Salamanca\" class=\"wp-image-3434\" srcset=\"https:\/\/urbefoto.com\/wp-content\/uploads\/2018\/11\/tumblr_ohdgb7ilzD1vhjq6co1_1280.jpg 975w, https:\/\/urbefoto.com\/wp-content\/uploads\/2018\/11\/tumblr_ohdgb7ilzD1vhjq6co1_1280-200x133.jpg 200w, https:\/\/urbefoto.com\/wp-content\/uploads\/2018\/11\/tumblr_ohdgb7ilzD1vhjq6co1_1280-600x400.jpg 600w, https:\/\/urbefoto.com\/wp-content\/uploads\/2018\/11\/tumblr_ohdgb7ilzD1vhjq6co1_1280-768x512.jpg 768w, https:\/\/urbefoto.com\/wp-content\/uploads\/2018\/11\/tumblr_ohdgb7ilzD1vhjq6co1_1280-830x553.jpg 830w, https:\/\/urbefoto.com\/wp-content\/uploads\/2018\/11\/tumblr_ohdgb7ilzD1vhjq6co1_1280-675x450.jpg 675w\" sizes=\"auto, (max-width: 975px) 100vw, 975px\" \/><\/a><\/figure>\n\n\n\n<figure class=\"wp-block-image size-full\"><a href=\"https:\/\/urbefoto.com\/wp-content\/uploads\/2018\/11\/tumblr_ohea8npHj41vhjq6co1_1280.jpg\"><img loading=\"lazy\" decoding=\"async\" width=\"975\" height=\"650\" data-id=\"3435\" src=\"https:\/\/urbefoto.com\/wp-content\/uploads\/2018\/11\/tumblr_ohea8npHj41vhjq6co1_1280.jpg\" alt=\"Vegetaci\u00f3n cerca del Puente Romano de Salamanca\" class=\"wp-image-3435\" srcset=\"https:\/\/urbefoto.com\/wp-content\/uploads\/2018\/11\/tumblr_ohea8npHj41vhjq6co1_1280.jpg 975w, https:\/\/urbefoto.com\/wp-content\/uploads\/2018\/11\/tumblr_ohea8npHj41vhjq6co1_1280-200x133.jpg 200w, https:\/\/urbefoto.com\/wp-content\/uploads\/2018\/11\/tumblr_ohea8npHj41vhjq6co1_1280-600x400.jpg 600w, https:\/\/urbefoto.com\/wp-content\/uploads\/2018\/11\/tumblr_ohea8npHj41vhjq6co1_1280-768x512.jpg 768w, https:\/\/urbefoto.com\/wp-content\/uploads\/2018\/11\/tumblr_ohea8npHj41vhjq6co1_1280-830x553.jpg 830w, https:\/\/urbefoto.com\/wp-content\/uploads\/2018\/11\/tumblr_ohea8npHj41vhjq6co1_1280-675x450.jpg 675w\" sizes=\"auto, (max-width: 975px) 100vw, 975px\" \/><\/a><\/figure>\n<\/figure>\n\n\n\n<div style=\"height:40px\" aria-hidden=\"true\" class=\"wp-block-spacer\"><\/div>\n\n\n\n<p class=\"has-text-color has-background\" style=\"color:#777777;background-color:#ededed\">No se permite la reproducci\u00f3n, publicaci\u00f3n o reubicaci\u00f3n de ning\u00fan contenido de este sitio sin un permiso expreso previo por escrito. Por favor use el formulario de contacto para m\u00e1s informaci\u00f3n. <\/p>\n","protected":false},"excerpt":{"rendered":"<p>En aquellos lugares en los que no hay intervenci\u00f3n del hombre la naturaleza se abre camino, salvaje, y agreste.La vegetaci\u00f3n unas veces nos deja visitarla, pero otras nos llega incluso a cerrar el paso.Es una creaci\u00f3n de oscuridad y luz, que se comunica y manifiesta que nos sobrevivir\u00e1 a todos. Inmortal y eterna. No se permite la reproducci\u00f3n, publicaci\u00f3n o reubicaci\u00f3n de ning\u00fan contenido de este sitio sin un permiso expreso previo por escrito. Por favor use el formulario de contacto para m\u00e1s informaci\u00f3n.<\/p>\n","protected":false},"author":2,"featured_media":0,"parent":0,"menu_order":0,"comment_status":"closed","ping_status":"closed","template":"","meta":{"footnotes":""},"class_list":["post-3183","page","type-page","status-publish","hentry"],"_links":{"self":[{"href":"https:\/\/urbefoto.com\/index.php?rest_route=\/wp\/v2\/pages\/3183","targetHints":{"allow":["GET"]}}],"collection":[{"href":"https:\/\/urbefoto.com\/index.php?rest_route=\/wp\/v2\/pages"}],"about":[{"href":"https:\/\/urbefoto.com\/index.php?rest_route=\/wp\/v2\/types\/page"}],"author":[{"embeddable":true,"href":"https:\/\/urbefoto.com\/index.php?rest_route=\/wp\/v2\/users\/2"}],"replies":[{"embeddable":true,"href":"https:\/\/urbefoto.com\/index.php?rest_route=%2Fwp%2Fv2%2Fcomments&post=3183"}],"version-history":[{"count":67,"href":"https:\/\/urbefoto.com\/index.php?rest_route=\/wp\/v2\/pages\/3183\/revisions"}],"predecessor-version":[{"id":25398,"href":"https:\/\/urbefoto.com\/index.php?rest_route=\/wp\/v2\/pages\/3183\/revisions\/25398"}],"wp:attachment":[{"href":"https:\/\/urbefoto.com\/index.php?rest_route=%2Fwp%2Fv2%2Fmedia&parent=3183"}],"curies":[{"name":"wp","href":"https:\/\/api.w.org\/{rel}","templated":true}]}}