{"id":24601,"date":"2022-11-21T16:57:10","date_gmt":"2022-11-21T15:57:10","guid":{"rendered":"http:\/\/urbefoto.com\/?page_id=24601"},"modified":"2024-10-07T08:39:23","modified_gmt":"2024-10-07T06:39:23","slug":"el-alamito","status":"publish","type":"page","link":"https:\/\/urbefoto.com\/?page_id=24601","title":{"rendered":"El Alamito"},"content":{"rendered":"\n<p>Granja abandonada situada cerca de Nuevo Naharros (Salamanca)<\/p>\n\n\n\n<div style=\"height:20px\" aria-hidden=\"true\" class=\"wp-block-spacer\"><\/div>\n\n\n\n<figure class=\"wp-block-gallery has-nested-images columns-2 wp-block-gallery-1 is-layout-flex wp-block-gallery-is-layout-flex\">\n<figure class=\"wp-block-image size-full\"><a href=\"https:\/\/urbefoto.com\/wp-content\/uploads\/2022\/11\/Alamito_01.jpg\"><img loading=\"lazy\" decoding=\"async\" width=\"1080\" height=\"720\" data-id=\"24635\" src=\"https:\/\/urbefoto.com\/wp-content\/uploads\/2022\/11\/Alamito_01.jpg\" alt=\"\" class=\"wp-image-24635\" srcset=\"https:\/\/urbefoto.com\/wp-content\/uploads\/2022\/11\/Alamito_01.jpg 1080w, https:\/\/urbefoto.com\/wp-content\/uploads\/2022\/11\/Alamito_01-600x400.jpg 600w, https:\/\/urbefoto.com\/wp-content\/uploads\/2022\/11\/Alamito_01-200x133.jpg 200w, https:\/\/urbefoto.com\/wp-content\/uploads\/2022\/11\/Alamito_01-768x512.jpg 768w, https:\/\/urbefoto.com\/wp-content\/uploads\/2022\/11\/Alamito_01-830x553.jpg 830w, https:\/\/urbefoto.com\/wp-content\/uploads\/2022\/11\/Alamito_01-675x450.jpg 675w\" sizes=\"auto, (max-width: 1080px) 100vw, 1080px\" \/><\/a><\/figure>\n\n\n\n<figure class=\"wp-block-image size-full\"><a href=\"https:\/\/urbefoto.com\/wp-content\/uploads\/2022\/11\/Alamito_02.jpg\"><img loading=\"lazy\" decoding=\"async\" width=\"1080\" height=\"720\" data-id=\"24633\" src=\"https:\/\/urbefoto.com\/wp-content\/uploads\/2022\/11\/Alamito_02.jpg\" alt=\"\" class=\"wp-image-24633\" srcset=\"https:\/\/urbefoto.com\/wp-content\/uploads\/2022\/11\/Alamito_02.jpg 1080w, https:\/\/urbefoto.com\/wp-content\/uploads\/2022\/11\/Alamito_02-600x400.jpg 600w, https:\/\/urbefoto.com\/wp-content\/uploads\/2022\/11\/Alamito_02-200x133.jpg 200w, https:\/\/urbefoto.com\/wp-content\/uploads\/2022\/11\/Alamito_02-768x512.jpg 768w, https:\/\/urbefoto.com\/wp-content\/uploads\/2022\/11\/Alamito_02-830x553.jpg 830w, https:\/\/urbefoto.com\/wp-content\/uploads\/2022\/11\/Alamito_02-675x450.jpg 675w\" sizes=\"auto, (max-width: 1080px) 100vw, 1080px\" \/><\/a><\/figure>\n\n\n\n<figure class=\"wp-block-image size-full\"><a href=\"https:\/\/urbefoto.com\/wp-content\/uploads\/2022\/11\/Alamito_03.jpg\"><img loading=\"lazy\" decoding=\"async\" width=\"1080\" height=\"720\" data-id=\"24632\" src=\"https:\/\/urbefoto.com\/wp-content\/uploads\/2022\/11\/Alamito_03.jpg\" alt=\"\" class=\"wp-image-24632\" srcset=\"https:\/\/urbefoto.com\/wp-content\/uploads\/2022\/11\/Alamito_03.jpg 1080w, https:\/\/urbefoto.com\/wp-content\/uploads\/2022\/11\/Alamito_03-600x400.jpg 600w, https:\/\/urbefoto.com\/wp-content\/uploads\/2022\/11\/Alamito_03-200x133.jpg 200w, https:\/\/urbefoto.com\/wp-content\/uploads\/2022\/11\/Alamito_03-768x512.jpg 768w, https:\/\/urbefoto.com\/wp-content\/uploads\/2022\/11\/Alamito_03-830x553.jpg 830w, https:\/\/urbefoto.com\/wp-content\/uploads\/2022\/11\/Alamito_03-675x450.jpg 675w\" sizes=\"auto, (max-width: 1080px) 100vw, 1080px\" \/><\/a><\/figure>\n\n\n\n<figure class=\"wp-block-image size-full\"><a href=\"https:\/\/urbefoto.com\/wp-content\/uploads\/2022\/11\/Alamito_04.jpg\"><img loading=\"lazy\" decoding=\"async\" width=\"1080\" height=\"720\" data-id=\"24631\" src=\"https:\/\/urbefoto.com\/wp-content\/uploads\/2022\/11\/Alamito_04.jpg\" alt=\"\" class=\"wp-image-24631\" srcset=\"https:\/\/urbefoto.com\/wp-content\/uploads\/2022\/11\/Alamito_04.jpg 1080w, https:\/\/urbefoto.com\/wp-content\/uploads\/2022\/11\/Alamito_04-600x400.jpg 600w, https:\/\/urbefoto.com\/wp-content\/uploads\/2022\/11\/Alamito_04-200x133.jpg 200w, https:\/\/urbefoto.com\/wp-content\/uploads\/2022\/11\/Alamito_04-768x512.jpg 768w, https:\/\/urbefoto.com\/wp-content\/uploads\/2022\/11\/Alamito_04-830x553.jpg 830w, https:\/\/urbefoto.com\/wp-content\/uploads\/2022\/11\/Alamito_04-675x450.jpg 675w\" sizes=\"auto, (max-width: 1080px) 100vw, 1080px\" \/><\/a><\/figure>\n\n\n\n<figure class=\"wp-block-image size-full\"><a href=\"https:\/\/urbefoto.com\/wp-content\/uploads\/2022\/11\/Alamito_05.png\"><img loading=\"lazy\" decoding=\"async\" width=\"1080\" height=\"720\" data-id=\"24634\" src=\"https:\/\/urbefoto.com\/wp-content\/uploads\/2022\/11\/Alamito_05.png\" alt=\"\" class=\"wp-image-24634\" srcset=\"https:\/\/urbefoto.com\/wp-content\/uploads\/2022\/11\/Alamito_05.png 1080w, https:\/\/urbefoto.com\/wp-content\/uploads\/2022\/11\/Alamito_05-600x400.png 600w, https:\/\/urbefoto.com\/wp-content\/uploads\/2022\/11\/Alamito_05-200x133.png 200w, https:\/\/urbefoto.com\/wp-content\/uploads\/2022\/11\/Alamito_05-768x512.png 768w, https:\/\/urbefoto.com\/wp-content\/uploads\/2022\/11\/Alamito_05-830x553.png 830w, https:\/\/urbefoto.com\/wp-content\/uploads\/2022\/11\/Alamito_05-675x450.png 675w\" sizes=\"auto, (max-width: 1080px) 100vw, 1080px\" \/><\/a><\/figure>\n\n\n\n<figure class=\"wp-block-image size-full\"><a href=\"https:\/\/urbefoto.com\/wp-content\/uploads\/2022\/11\/Alamito_06.jpg\"><img loading=\"lazy\" decoding=\"async\" width=\"1080\" height=\"720\" data-id=\"24630\" src=\"https:\/\/urbefoto.com\/wp-content\/uploads\/2022\/11\/Alamito_06.jpg\" alt=\"\" class=\"wp-image-24630\" srcset=\"https:\/\/urbefoto.com\/wp-content\/uploads\/2022\/11\/Alamito_06.jpg 1080w, https:\/\/urbefoto.com\/wp-content\/uploads\/2022\/11\/Alamito_06-600x400.jpg 600w, https:\/\/urbefoto.com\/wp-content\/uploads\/2022\/11\/Alamito_06-200x133.jpg 200w, https:\/\/urbefoto.com\/wp-content\/uploads\/2022\/11\/Alamito_06-768x512.jpg 768w, https:\/\/urbefoto.com\/wp-content\/uploads\/2022\/11\/Alamito_06-830x553.jpg 830w, https:\/\/urbefoto.com\/wp-content\/uploads\/2022\/11\/Alamito_06-675x450.jpg 675w\" sizes=\"auto, (max-width: 1080px) 100vw, 1080px\" \/><\/a><\/figure>\n\n\n\n<figure class=\"wp-block-image size-full\"><a href=\"https:\/\/urbefoto.com\/wp-content\/uploads\/2022\/11\/Alamito_07.jpg\"><img loading=\"lazy\" decoding=\"async\" width=\"1080\" height=\"720\" data-id=\"24637\" src=\"https:\/\/urbefoto.com\/wp-content\/uploads\/2022\/11\/Alamito_07.jpg\" alt=\"\" class=\"wp-image-24637\" srcset=\"https:\/\/urbefoto.com\/wp-content\/uploads\/2022\/11\/Alamito_07.jpg 1080w, https:\/\/urbefoto.com\/wp-content\/uploads\/2022\/11\/Alamito_07-600x400.jpg 600w, https:\/\/urbefoto.com\/wp-content\/uploads\/2022\/11\/Alamito_07-200x133.jpg 200w, https:\/\/urbefoto.com\/wp-content\/uploads\/2022\/11\/Alamito_07-768x512.jpg 768w, https:\/\/urbefoto.com\/wp-content\/uploads\/2022\/11\/Alamito_07-830x553.jpg 830w, https:\/\/urbefoto.com\/wp-content\/uploads\/2022\/11\/Alamito_07-675x450.jpg 675w\" sizes=\"auto, (max-width: 1080px) 100vw, 1080px\" \/><\/a><\/figure>\n\n\n\n<figure class=\"wp-block-image size-full\"><a href=\"https:\/\/urbefoto.com\/wp-content\/uploads\/2022\/11\/Alamito_08.jpg\"><img loading=\"lazy\" decoding=\"async\" width=\"1080\" height=\"720\" data-id=\"24636\" src=\"https:\/\/urbefoto.com\/wp-content\/uploads\/2022\/11\/Alamito_08.jpg\" alt=\"\" class=\"wp-image-24636\" srcset=\"https:\/\/urbefoto.com\/wp-content\/uploads\/2022\/11\/Alamito_08.jpg 1080w, https:\/\/urbefoto.com\/wp-content\/uploads\/2022\/11\/Alamito_08-600x400.jpg 600w, https:\/\/urbefoto.com\/wp-content\/uploads\/2022\/11\/Alamito_08-200x133.jpg 200w, https:\/\/urbefoto.com\/wp-content\/uploads\/2022\/11\/Alamito_08-768x512.jpg 768w, https:\/\/urbefoto.com\/wp-content\/uploads\/2022\/11\/Alamito_08-830x553.jpg 830w, https:\/\/urbefoto.com\/wp-content\/uploads\/2022\/11\/Alamito_08-675x450.jpg 675w\" sizes=\"auto, (max-width: 1080px) 100vw, 1080px\" \/><\/a><\/figure>\n\n\n\n<figure class=\"wp-block-image size-full\"><a href=\"https:\/\/urbefoto.com\/wp-content\/uploads\/2022\/11\/Alamito_09.jpg\"><img loading=\"lazy\" decoding=\"async\" width=\"1080\" height=\"720\" data-id=\"24638\" src=\"https:\/\/urbefoto.com\/wp-content\/uploads\/2022\/11\/Alamito_09.jpg\" alt=\"\" class=\"wp-image-24638\" srcset=\"https:\/\/urbefoto.com\/wp-content\/uploads\/2022\/11\/Alamito_09.jpg 1080w, https:\/\/urbefoto.com\/wp-content\/uploads\/2022\/11\/Alamito_09-600x400.jpg 600w, https:\/\/urbefoto.com\/wp-content\/uploads\/2022\/11\/Alamito_09-200x133.jpg 200w, https:\/\/urbefoto.com\/wp-content\/uploads\/2022\/11\/Alamito_09-768x512.jpg 768w, https:\/\/urbefoto.com\/wp-content\/uploads\/2022\/11\/Alamito_09-830x553.jpg 830w, https:\/\/urbefoto.com\/wp-content\/uploads\/2022\/11\/Alamito_09-675x450.jpg 675w\" sizes=\"auto, (max-width: 1080px) 100vw, 1080px\" \/><\/a><\/figure>\n\n\n\n<figure class=\"wp-block-image size-full\"><a href=\"https:\/\/urbefoto.com\/wp-content\/uploads\/2022\/11\/Alamito_10.jpg\"><img loading=\"lazy\" decoding=\"async\" width=\"1080\" height=\"720\" data-id=\"24639\" src=\"https:\/\/urbefoto.com\/wp-content\/uploads\/2022\/11\/Alamito_10.jpg\" alt=\"\" class=\"wp-image-24639\" srcset=\"https:\/\/urbefoto.com\/wp-content\/uploads\/2022\/11\/Alamito_10.jpg 1080w, https:\/\/urbefoto.com\/wp-content\/uploads\/2022\/11\/Alamito_10-600x400.jpg 600w, https:\/\/urbefoto.com\/wp-content\/uploads\/2022\/11\/Alamito_10-200x133.jpg 200w, https:\/\/urbefoto.com\/wp-content\/uploads\/2022\/11\/Alamito_10-768x512.jpg 768w, https:\/\/urbefoto.com\/wp-content\/uploads\/2022\/11\/Alamito_10-830x553.jpg 830w, https:\/\/urbefoto.com\/wp-content\/uploads\/2022\/11\/Alamito_10-675x450.jpg 675w\" sizes=\"auto, (max-width: 1080px) 100vw, 1080px\" \/><\/a><\/figure>\n\n\n\n<figure class=\"wp-block-image size-full\"><a href=\"https:\/\/urbefoto.com\/wp-content\/uploads\/2022\/11\/Alamito_11.jpg\"><img loading=\"lazy\" decoding=\"async\" width=\"1080\" height=\"720\" data-id=\"24640\" src=\"https:\/\/urbefoto.com\/wp-content\/uploads\/2022\/11\/Alamito_11.jpg\" alt=\"\" class=\"wp-image-24640\" srcset=\"https:\/\/urbefoto.com\/wp-content\/uploads\/2022\/11\/Alamito_11.jpg 1080w, https:\/\/urbefoto.com\/wp-content\/uploads\/2022\/11\/Alamito_11-600x400.jpg 600w, https:\/\/urbefoto.com\/wp-content\/uploads\/2022\/11\/Alamito_11-200x133.jpg 200w, https:\/\/urbefoto.com\/wp-content\/uploads\/2022\/11\/Alamito_11-768x512.jpg 768w, https:\/\/urbefoto.com\/wp-content\/uploads\/2022\/11\/Alamito_11-830x553.jpg 830w, https:\/\/urbefoto.com\/wp-content\/uploads\/2022\/11\/Alamito_11-675x450.jpg 675w\" sizes=\"auto, (max-width: 1080px) 100vw, 1080px\" \/><\/a><\/figure>\n\n\n\n<figure class=\"wp-block-image size-full\"><a href=\"https:\/\/urbefoto.com\/wp-content\/uploads\/2022\/11\/Alamito_12.jpg\"><img loading=\"lazy\" decoding=\"async\" width=\"1080\" height=\"720\" data-id=\"24641\" src=\"https:\/\/urbefoto.com\/wp-content\/uploads\/2022\/11\/Alamito_12.jpg\" alt=\"\" class=\"wp-image-24641\" srcset=\"https:\/\/urbefoto.com\/wp-content\/uploads\/2022\/11\/Alamito_12.jpg 1080w, https:\/\/urbefoto.com\/wp-content\/uploads\/2022\/11\/Alamito_12-600x400.jpg 600w, https:\/\/urbefoto.com\/wp-content\/uploads\/2022\/11\/Alamito_12-200x133.jpg 200w, https:\/\/urbefoto.com\/wp-content\/uploads\/2022\/11\/Alamito_12-768x512.jpg 768w, https:\/\/urbefoto.com\/wp-content\/uploads\/2022\/11\/Alamito_12-830x553.jpg 830w, https:\/\/urbefoto.com\/wp-content\/uploads\/2022\/11\/Alamito_12-675x450.jpg 675w\" sizes=\"auto, (max-width: 1080px) 100vw, 1080px\" \/><\/a><\/figure>\n\n\n\n<figure class=\"wp-block-image size-full\"><a href=\"https:\/\/urbefoto.com\/wp-content\/uploads\/2022\/11\/Alamito_13.jpg\"><img loading=\"lazy\" decoding=\"async\" width=\"1080\" height=\"720\" data-id=\"24642\" src=\"https:\/\/urbefoto.com\/wp-content\/uploads\/2022\/11\/Alamito_13.jpg\" alt=\"\" class=\"wp-image-24642\" srcset=\"https:\/\/urbefoto.com\/wp-content\/uploads\/2022\/11\/Alamito_13.jpg 1080w, https:\/\/urbefoto.com\/wp-content\/uploads\/2022\/11\/Alamito_13-600x400.jpg 600w, https:\/\/urbefoto.com\/wp-content\/uploads\/2022\/11\/Alamito_13-200x133.jpg 200w, https:\/\/urbefoto.com\/wp-content\/uploads\/2022\/11\/Alamito_13-768x512.jpg 768w, https:\/\/urbefoto.com\/wp-content\/uploads\/2022\/11\/Alamito_13-830x553.jpg 830w, https:\/\/urbefoto.com\/wp-content\/uploads\/2022\/11\/Alamito_13-675x450.jpg 675w\" sizes=\"auto, (max-width: 1080px) 100vw, 1080px\" \/><\/a><\/figure>\n\n\n\n<figure class=\"wp-block-image size-full\"><a href=\"https:\/\/urbefoto.com\/wp-content\/uploads\/2022\/11\/Alamito_14.jpg\"><img loading=\"lazy\" decoding=\"async\" width=\"1080\" height=\"720\" data-id=\"24643\" src=\"https:\/\/urbefoto.com\/wp-content\/uploads\/2022\/11\/Alamito_14.jpg\" alt=\"\" class=\"wp-image-24643\" srcset=\"https:\/\/urbefoto.com\/wp-content\/uploads\/2022\/11\/Alamito_14.jpg 1080w, https:\/\/urbefoto.com\/wp-content\/uploads\/2022\/11\/Alamito_14-600x400.jpg 600w, https:\/\/urbefoto.com\/wp-content\/uploads\/2022\/11\/Alamito_14-200x133.jpg 200w, https:\/\/urbefoto.com\/wp-content\/uploads\/2022\/11\/Alamito_14-768x512.jpg 768w, https:\/\/urbefoto.com\/wp-content\/uploads\/2022\/11\/Alamito_14-830x553.jpg 830w, https:\/\/urbefoto.com\/wp-content\/uploads\/2022\/11\/Alamito_14-675x450.jpg 675w\" sizes=\"auto, (max-width: 1080px) 100vw, 1080px\" \/><\/a><\/figure>\n\n\n\n<figure class=\"wp-block-image size-full\"><a href=\"https:\/\/urbefoto.com\/wp-content\/uploads\/2022\/11\/Alamito_15.jpg\"><img loading=\"lazy\" decoding=\"async\" width=\"1080\" height=\"720\" data-id=\"24644\" src=\"https:\/\/urbefoto.com\/wp-content\/uploads\/2022\/11\/Alamito_15.jpg\" alt=\"\" class=\"wp-image-24644\" srcset=\"https:\/\/urbefoto.com\/wp-content\/uploads\/2022\/11\/Alamito_15.jpg 1080w, https:\/\/urbefoto.com\/wp-content\/uploads\/2022\/11\/Alamito_15-600x400.jpg 600w, https:\/\/urbefoto.com\/wp-content\/uploads\/2022\/11\/Alamito_15-200x133.jpg 200w, https:\/\/urbefoto.com\/wp-content\/uploads\/2022\/11\/Alamito_15-768x512.jpg 768w, https:\/\/urbefoto.com\/wp-content\/uploads\/2022\/11\/Alamito_15-830x553.jpg 830w, https:\/\/urbefoto.com\/wp-content\/uploads\/2022\/11\/Alamito_15-675x450.jpg 675w\" sizes=\"auto, (max-width: 1080px) 100vw, 1080px\" \/><\/a><\/figure>\n\n\n\n<figure class=\"wp-block-image size-full\"><a href=\"https:\/\/urbefoto.com\/wp-content\/uploads\/2022\/11\/Alamito_16.jpg\"><img loading=\"lazy\" decoding=\"async\" width=\"1080\" height=\"720\" data-id=\"24646\" src=\"https:\/\/urbefoto.com\/wp-content\/uploads\/2022\/11\/Alamito_16.jpg\" alt=\"\" class=\"wp-image-24646\" srcset=\"https:\/\/urbefoto.com\/wp-content\/uploads\/2022\/11\/Alamito_16.jpg 1080w, https:\/\/urbefoto.com\/wp-content\/uploads\/2022\/11\/Alamito_16-600x400.jpg 600w, https:\/\/urbefoto.com\/wp-content\/uploads\/2022\/11\/Alamito_16-200x133.jpg 200w, https:\/\/urbefoto.com\/wp-content\/uploads\/2022\/11\/Alamito_16-768x512.jpg 768w, https:\/\/urbefoto.com\/wp-content\/uploads\/2022\/11\/Alamito_16-830x553.jpg 830w, https:\/\/urbefoto.com\/wp-content\/uploads\/2022\/11\/Alamito_16-675x450.jpg 675w\" sizes=\"auto, (max-width: 1080px) 100vw, 1080px\" \/><\/a><\/figure>\n\n\n\n<figure class=\"wp-block-image size-full\"><a href=\"https:\/\/urbefoto.com\/wp-content\/uploads\/2022\/11\/Alamito_17.jpg\"><img loading=\"lazy\" decoding=\"async\" width=\"1080\" height=\"720\" data-id=\"24645\" src=\"https:\/\/urbefoto.com\/wp-content\/uploads\/2022\/11\/Alamito_17.jpg\" alt=\"\" class=\"wp-image-24645\" srcset=\"https:\/\/urbefoto.com\/wp-content\/uploads\/2022\/11\/Alamito_17.jpg 1080w, https:\/\/urbefoto.com\/wp-content\/uploads\/2022\/11\/Alamito_17-600x400.jpg 600w, https:\/\/urbefoto.com\/wp-content\/uploads\/2022\/11\/Alamito_17-200x133.jpg 200w, https:\/\/urbefoto.com\/wp-content\/uploads\/2022\/11\/Alamito_17-768x512.jpg 768w, https:\/\/urbefoto.com\/wp-content\/uploads\/2022\/11\/Alamito_17-830x553.jpg 830w, https:\/\/urbefoto.com\/wp-content\/uploads\/2022\/11\/Alamito_17-675x450.jpg 675w\" sizes=\"auto, (max-width: 1080px) 100vw, 1080px\" \/><\/a><\/figure>\n\n\n\n<figure class=\"wp-block-image size-full\"><a href=\"https:\/\/urbefoto.com\/wp-content\/uploads\/2022\/11\/Alamito_18.jpg\"><img loading=\"lazy\" decoding=\"async\" width=\"1080\" height=\"720\" data-id=\"24648\" src=\"https:\/\/urbefoto.com\/wp-content\/uploads\/2022\/11\/Alamito_18.jpg\" alt=\"\" class=\"wp-image-24648\" srcset=\"https:\/\/urbefoto.com\/wp-content\/uploads\/2022\/11\/Alamito_18.jpg 1080w, https:\/\/urbefoto.com\/wp-content\/uploads\/2022\/11\/Alamito_18-600x400.jpg 600w, https:\/\/urbefoto.com\/wp-content\/uploads\/2022\/11\/Alamito_18-200x133.jpg 200w, https:\/\/urbefoto.com\/wp-content\/uploads\/2022\/11\/Alamito_18-768x512.jpg 768w, https:\/\/urbefoto.com\/wp-content\/uploads\/2022\/11\/Alamito_18-830x553.jpg 830w, https:\/\/urbefoto.com\/wp-content\/uploads\/2022\/11\/Alamito_18-675x450.jpg 675w\" sizes=\"auto, (max-width: 1080px) 100vw, 1080px\" \/><\/a><\/figure>\n\n\n\n<figure class=\"wp-block-image size-full\"><a href=\"https:\/\/urbefoto.com\/wp-content\/uploads\/2022\/11\/Alamito_19.jpg\"><img loading=\"lazy\" decoding=\"async\" width=\"1080\" height=\"720\" data-id=\"24647\" src=\"https:\/\/urbefoto.com\/wp-content\/uploads\/2022\/11\/Alamito_19.jpg\" alt=\"\" class=\"wp-image-24647\" srcset=\"https:\/\/urbefoto.com\/wp-content\/uploads\/2022\/11\/Alamito_19.jpg 1080w, https:\/\/urbefoto.com\/wp-content\/uploads\/2022\/11\/Alamito_19-600x400.jpg 600w, https:\/\/urbefoto.com\/wp-content\/uploads\/2022\/11\/Alamito_19-200x133.jpg 200w, https:\/\/urbefoto.com\/wp-content\/uploads\/2022\/11\/Alamito_19-768x512.jpg 768w, https:\/\/urbefoto.com\/wp-content\/uploads\/2022\/11\/Alamito_19-830x553.jpg 830w, https:\/\/urbefoto.com\/wp-content\/uploads\/2022\/11\/Alamito_19-675x450.jpg 675w\" sizes=\"auto, (max-width: 1080px) 100vw, 1080px\" \/><\/a><\/figure>\n\n\n\n<figure class=\"wp-block-image size-full\"><a href=\"https:\/\/urbefoto.com\/wp-content\/uploads\/2022\/11\/Alamito_20.jpg\"><img loading=\"lazy\" decoding=\"async\" width=\"1080\" height=\"720\" data-id=\"24650\" src=\"https:\/\/urbefoto.com\/wp-content\/uploads\/2022\/11\/Alamito_20.jpg\" alt=\"\" class=\"wp-image-24650\" srcset=\"https:\/\/urbefoto.com\/wp-content\/uploads\/2022\/11\/Alamito_20.jpg 1080w, https:\/\/urbefoto.com\/wp-content\/uploads\/2022\/11\/Alamito_20-600x400.jpg 600w, https:\/\/urbefoto.com\/wp-content\/uploads\/2022\/11\/Alamito_20-200x133.jpg 200w, https:\/\/urbefoto.com\/wp-content\/uploads\/2022\/11\/Alamito_20-768x512.jpg 768w, https:\/\/urbefoto.com\/wp-content\/uploads\/2022\/11\/Alamito_20-830x553.jpg 830w, https:\/\/urbefoto.com\/wp-content\/uploads\/2022\/11\/Alamito_20-675x450.jpg 675w\" sizes=\"auto, (max-width: 1080px) 100vw, 1080px\" \/><\/a><\/figure>\n\n\n\n<figure class=\"wp-block-image size-full\"><a href=\"https:\/\/urbefoto.com\/wp-content\/uploads\/2022\/11\/Alamito_21.jpg\"><img loading=\"lazy\" decoding=\"async\" width=\"1080\" height=\"720\" data-id=\"24649\" src=\"https:\/\/urbefoto.com\/wp-content\/uploads\/2022\/11\/Alamito_21.jpg\" alt=\"\" class=\"wp-image-24649\" srcset=\"https:\/\/urbefoto.com\/wp-content\/uploads\/2022\/11\/Alamito_21.jpg 1080w, https:\/\/urbefoto.com\/wp-content\/uploads\/2022\/11\/Alamito_21-600x400.jpg 600w, https:\/\/urbefoto.com\/wp-content\/uploads\/2022\/11\/Alamito_21-200x133.jpg 200w, https:\/\/urbefoto.com\/wp-content\/uploads\/2022\/11\/Alamito_21-768x512.jpg 768w, https:\/\/urbefoto.com\/wp-content\/uploads\/2022\/11\/Alamito_21-830x553.jpg 830w, https:\/\/urbefoto.com\/wp-content\/uploads\/2022\/11\/Alamito_21-675x450.jpg 675w\" sizes=\"auto, (max-width: 1080px) 100vw, 1080px\" \/><\/a><\/figure>\n\n\n\n<figure class=\"wp-block-image size-full\"><a href=\"https:\/\/urbefoto.com\/wp-content\/uploads\/2022\/11\/Alamito_22.jpg\"><img loading=\"lazy\" decoding=\"async\" width=\"1080\" height=\"720\" data-id=\"24651\" src=\"https:\/\/urbefoto.com\/wp-content\/uploads\/2022\/11\/Alamito_22.jpg\" alt=\"\" class=\"wp-image-24651\" srcset=\"https:\/\/urbefoto.com\/wp-content\/uploads\/2022\/11\/Alamito_22.jpg 1080w, https:\/\/urbefoto.com\/wp-content\/uploads\/2022\/11\/Alamito_22-600x400.jpg 600w, https:\/\/urbefoto.com\/wp-content\/uploads\/2022\/11\/Alamito_22-200x133.jpg 200w, https:\/\/urbefoto.com\/wp-content\/uploads\/2022\/11\/Alamito_22-768x512.jpg 768w, https:\/\/urbefoto.com\/wp-content\/uploads\/2022\/11\/Alamito_22-830x553.jpg 830w, https:\/\/urbefoto.com\/wp-content\/uploads\/2022\/11\/Alamito_22-675x450.jpg 675w\" sizes=\"auto, (max-width: 1080px) 100vw, 1080px\" \/><\/a><\/figure>\n\n\n\n<figure class=\"wp-block-image size-full\"><a href=\"https:\/\/urbefoto.com\/wp-content\/uploads\/2022\/11\/Alamito_23.jpg\"><img loading=\"lazy\" decoding=\"async\" width=\"1080\" height=\"720\" data-id=\"24652\" src=\"https:\/\/urbefoto.com\/wp-content\/uploads\/2022\/11\/Alamito_23.jpg\" alt=\"\" class=\"wp-image-24652\" srcset=\"https:\/\/urbefoto.com\/wp-content\/uploads\/2022\/11\/Alamito_23.jpg 1080w, https:\/\/urbefoto.com\/wp-content\/uploads\/2022\/11\/Alamito_23-600x400.jpg 600w, https:\/\/urbefoto.com\/wp-content\/uploads\/2022\/11\/Alamito_23-200x133.jpg 200w, https:\/\/urbefoto.com\/wp-content\/uploads\/2022\/11\/Alamito_23-768x512.jpg 768w, https:\/\/urbefoto.com\/wp-content\/uploads\/2022\/11\/Alamito_23-830x553.jpg 830w, https:\/\/urbefoto.com\/wp-content\/uploads\/2022\/11\/Alamito_23-675x450.jpg 675w\" sizes=\"auto, (max-width: 1080px) 100vw, 1080px\" \/><\/a><\/figure>\n\n\n\n<figure class=\"wp-block-image size-full\"><a href=\"https:\/\/urbefoto.com\/wp-content\/uploads\/2022\/11\/Alamito_24.jpg\"><img loading=\"lazy\" decoding=\"async\" width=\"1080\" height=\"720\" data-id=\"24653\" src=\"https:\/\/urbefoto.com\/wp-content\/uploads\/2022\/11\/Alamito_24.jpg\" alt=\"\" class=\"wp-image-24653\" srcset=\"https:\/\/urbefoto.com\/wp-content\/uploads\/2022\/11\/Alamito_24.jpg 1080w, https:\/\/urbefoto.com\/wp-content\/uploads\/2022\/11\/Alamito_24-600x400.jpg 600w, https:\/\/urbefoto.com\/wp-content\/uploads\/2022\/11\/Alamito_24-200x133.jpg 200w, https:\/\/urbefoto.com\/wp-content\/uploads\/2022\/11\/Alamito_24-768x512.jpg 768w, https:\/\/urbefoto.com\/wp-content\/uploads\/2022\/11\/Alamito_24-830x553.jpg 830w, https:\/\/urbefoto.com\/wp-content\/uploads\/2022\/11\/Alamito_24-675x450.jpg 675w\" sizes=\"auto, (max-width: 1080px) 100vw, 1080px\" \/><\/a><\/figure>\n\n\n\n<figure class=\"wp-block-image size-full\"><a href=\"https:\/\/urbefoto.com\/wp-content\/uploads\/2022\/11\/Alamito_25.jpg\"><img loading=\"lazy\" decoding=\"async\" width=\"1080\" height=\"720\" data-id=\"24654\" src=\"https:\/\/urbefoto.com\/wp-content\/uploads\/2022\/11\/Alamito_25.jpg\" alt=\"\" class=\"wp-image-24654\" srcset=\"https:\/\/urbefoto.com\/wp-content\/uploads\/2022\/11\/Alamito_25.jpg 1080w, https:\/\/urbefoto.com\/wp-content\/uploads\/2022\/11\/Alamito_25-600x400.jpg 600w, https:\/\/urbefoto.com\/wp-content\/uploads\/2022\/11\/Alamito_25-200x133.jpg 200w, https:\/\/urbefoto.com\/wp-content\/uploads\/2022\/11\/Alamito_25-768x512.jpg 768w, https:\/\/urbefoto.com\/wp-content\/uploads\/2022\/11\/Alamito_25-830x553.jpg 830w, https:\/\/urbefoto.com\/wp-content\/uploads\/2022\/11\/Alamito_25-675x450.jpg 675w\" sizes=\"auto, (max-width: 1080px) 100vw, 1080px\" \/><\/a><\/figure>\n<\/figure>\n\n\n\n<div style=\"height:40px\" aria-hidden=\"true\" class=\"wp-block-spacer\"><\/div>\n\n\n\n<p class=\"has-text-color has-background\" style=\"color:#7c7c7c;background-color:#eeeeee\">No se permite la reproducci\u00f3n, publicaci\u00f3n o reubicaci\u00f3n de ning\u00fan contenido de este sitio sin un permiso expreso previo por escrito. Por favor use el formulario de contacto para m\u00e1s informaci\u00f3n.<\/p>\n\n\n\n<p><\/p>\n","protected":false},"excerpt":{"rendered":"<p>Granja abandonada situada cerca de Nuevo Naharros (Salamanca) No se permite la reproducci\u00f3n, publicaci\u00f3n o reubicaci\u00f3n de ning\u00fan contenido de este sitio sin un permiso expreso previo por escrito. Por favor use el formulario de contacto para m\u00e1s informaci\u00f3n.<\/p>\n","protected":false},"author":2,"featured_media":0,"parent":0,"menu_order":0,"comment_status":"closed","ping_status":"closed","template":"","meta":{"footnotes":""},"class_list":["post-24601","page","type-page","status-publish","hentry"],"_links":{"self":[{"href":"https:\/\/urbefoto.com\/index.php?rest_route=\/wp\/v2\/pages\/24601","targetHints":{"allow":["GET"]}}],"collection":[{"href":"https:\/\/urbefoto.com\/index.php?rest_route=\/wp\/v2\/pages"}],"about":[{"href":"https:\/\/urbefoto.com\/index.php?rest_route=\/wp\/v2\/types\/page"}],"author":[{"embeddable":true,"href":"https:\/\/urbefoto.com\/index.php?rest_route=\/wp\/v2\/users\/2"}],"replies":[{"embeddable":true,"href":"https:\/\/urbefoto.com\/index.php?rest_route=%2Fwp%2Fv2%2Fcomments&post=24601"}],"version-history":[{"count":8,"href":"https:\/\/urbefoto.com\/index.php?rest_route=\/wp\/v2\/pages\/24601\/revisions"}],"predecessor-version":[{"id":25397,"href":"https:\/\/urbefoto.com\/index.php?rest_route=\/wp\/v2\/pages\/24601\/revisions\/25397"}],"wp:attachment":[{"href":"https:\/\/urbefoto.com\/index.php?rest_route=%2Fwp%2Fv2%2Fmedia&parent=24601"}],"curies":[{"name":"wp","href":"https:\/\/api.w.org\/{rel}","templated":true}]}}